{"id":10,"date":"2020-06-06T17:45:56","date_gmt":"2020-06-06T15:45:56","guid":{"rendered":"https:\/\/www.pizzeria-napoleon.at\/bestellsystem\/?page_id=10"},"modified":"2023-04-05T08:18:05","modified_gmt":"2023-04-05T06:18:05","slug":"impressum","status":"publish","type":"page","link":"https:\/\/www.pizzeria-napoleon.at\/bestellsystem\/impressum\/","title":{"rendered":"Impressum"},"content":{"rendered":"\t\t<div data-elementor-type=\"wp-page\" data-elementor-id=\"10\" class=\"elementor elementor-10\" data-elementor-post-type=\"page\">\n\t\t\t\t\t\t<section class=\"elementor-section elementor-top-section elementor-element elementor-element-7e4a6952 elementor-section-full_width elementor-section-height-default elementor-section-height-default\" data-id=\"7e4a6952\" data-element_type=\"section\" data-e-type=\"section\">\n\t\t\t\t\t\t<div class=\"elementor-container elementor-column-gap-default\">\n\t\t\t\t\t<div class=\"elementor-column elementor-col-100 elementor-top-column elementor-element elementor-element-607737b2\" data-id=\"607737b2\" data-element_type=\"column\" data-e-type=\"column\">\n\t\t\t<div class=\"elementor-widget-wrap elementor-element-populated\">\n\t\t\t\t\t\t<div class=\"elementor-element elementor-element-15ef0834 elementor-align-right elementor-widget elementor-widget-button\" data-id=\"15ef0834\" data-element_type=\"widget\" data-e-type=\"widget\" data-settings=\"{&quot;sticky&quot;:&quot;top&quot;,&quot;sticky_on&quot;:[&quot;desktop&quot;,&quot;tablet&quot;,&quot;mobile&quot;],&quot;sticky_offset&quot;:0,&quot;sticky_effects_offset&quot;:0,&quot;sticky_anchor_link_offset&quot;:0}\" data-widget_type=\"button.default\">\n\t\t\t\t<div class=\"elementor-widget-container\">\n\t\t\t\t\t\t\t\t\t<div class=\"elementor-button-wrapper\">\n\t\t\t\t\t<a class=\"elementor-button elementor-button-link elementor-size-sm\" href=\"https:\/\/www.pizzeria-napoleon.at\/bestellsystem\/\">\n\t\t\t\t\t\t<span class=\"elementor-button-content-wrapper\">\n\t\t\t\t\t\t<span class=\"elementor-button-icon\">\n\t\t\t\t<i aria-hidden=\"true\" class=\"fas fa-caret-left\"><\/i>\t\t\t<\/span>\n\t\t\t\t\t\t\t\t\t<span class=\"elementor-button-text\">Zur Startseite<\/span>\n\t\t\t\t\t<\/span>\n\t\t\t\t\t<\/a>\n\t\t\t\t<\/div>\n\t\t\t\t\t\t\t\t<\/div>\n\t\t\t\t<\/div>\n\t\t\t\t<div class=\"elementor-element elementor-element-2d1787f2 elementor-widget elementor-widget-text-editor\" data-id=\"2d1787f2\" data-element_type=\"widget\" data-e-type=\"widget\" data-widget_type=\"text-editor.default\">\n\t\t\t\t<div class=\"elementor-widget-container\">\n\t\t\t\t\t\t\t\t\t<p><strong>Impressum\u00a0<\/strong><\/p><p><strong>Pizzeria Napoleon<\/strong><br \/>M\u00fchltaler Strasse 26<br \/>8700 Leoben<\/p><p><strong>Gesch\u00e4ftsf\u00fchrer<\/strong><br \/>Yusuf Karayel<\/p><p>Telefon: +43 3842 430 38<br \/>E-Mail: office@pizzeria-napoleon.at<\/p><p>Unternehmensgegenstand: Gastronomie<br \/>UID: ATU74587814<\/p><p><strong>F\u00fcr den Inhalt verantwortlich<\/strong><br \/>Yusuf Karayel<br \/>M\u00fchltaler Strasse 26<br \/>8700 Leoben<\/p><p><strong>Gestaltung und Realisierung<\/strong><br \/>JH IT-Design OG<br \/>Fischeraustra\u00dfe 22<br \/>8051 Graz<br \/><a href=\"https:\/\/www.jh-design.at\/\" target=\"_blank\" rel=\"noopener\">www.jh-design.at<\/a><br \/>office@jh-design.at<\/p><p>Serverstandort<br \/>\u00d6sterreich<br \/>Alle Rechte vorbehalten.<\/p><p>Alle Rechte vorbehalten.<br \/>Der Inhalt dieser Website ist urheberrechtlich gesch\u00fctzt. Nachdruck, Aufnahme in Online-Dienste, Internet und Vervielf\u00e4ltigung auf Datentr\u00e4ger wie CD-ROM, DVD-ROM usw. d\u00fcrfen, auch auszugsweise, nur nach vorheriger schriftlicher Zustimmung durch Pizzeria Napleon &#8211; Inh.: Yusuf Karayel und JH IT-Design OG erfolgen. Eine kommerzielle Weitervermarktung des Inhalts ist untersagt. Es gelten die Allgemeinen Gesch\u00e4ftsbedingungen von Pizzeria Napleon &#8211; Inh.: Yusuf Karayel.<\/p><p><span style=\"font-weight: bold;\">EU-Streitschlichtung<br \/><\/span><span style=\"caret-color: #333333; color: #333333; font-family: -apple-system, BlinkMacSystemFont,;\">Die Europ\u00e4ische Kommission stellt eine Plattform zur Online-Streitbeilegung (OS) bereit, die Sie unter\u00a0<span style=\"text-decoration: underline;\"><a href=\"http:\/\/ec.europa.eu\/consumers\/odr\" target=\"_blank\" rel=\"noopener\">http:\/\/ec.europa.eu\/consumers\/odr<\/a><\/span>\u00a0finden. Wir nehmen nicht an einem Streitbeilegungsverfahren vor einer Verbraucherschlichtungsstelle teil.<\/span><\/p><p><strong>Haftungsausschluss (Disclaimer)<\/strong><\/p><p><strong>Haftung f\u00fcr Inhalte<\/strong><\/p><p>Als Diensteanbieter sind wir gem\u00e4\u00df \u00a7 7 Abs.1 TMG f\u00fcr eigene Inhalte auf diesen Seiten nach den allgemeinen Gesetzen verantwortlich. Nach \u00a7\u00a7 8 bis 10 TMG sind wir als Diensteanbieter jedoch nicht verpflichtet, \u00fcbermittelte oder gespeicherte fremde Informationen zu \u00fcberwachen oder nach Umst\u00e4nden zu forschen, die auf eine rechtswidrige T\u00e4tigkeit hinweisen. Verpflichtungen zur Entfernung oder Sperrung der Nutzung von Informationen nach den allgemeinen Gesetzen bleiben hiervon unber\u00fchrt. Eine diesbez\u00fcgliche Haftung ist jedoch erst ab dem Zeitpunkt der Kenntnis einer konkreten Rechtsverletzung m\u00f6glich. Bei Bekanntwerden von entsprechenden Rechtsverletzungen werden wir diese Inhalte umgehend entfernen.<\/p><p><strong>Haftung f\u00fcr Links<\/strong><\/p><p>Unser Angebot enth\u00e4lt Links zu externen Webseiten Dritter, auf deren Inhalte wir keinen Einfluss haben. Deshalb k\u00f6nnen wir f\u00fcr diese fremden Inhalte auch keine Gew\u00e4hr \u00fcbernehmen. F\u00fcr die Inhalte der verlinkten Seiten ist stets der jeweilige Anbieter oder Betreiber der Seiten verantwortlich. Die verlinkten Seiten wurden zum Zeitpunkt der Verlinkung auf m\u00f6gliche Rechtsverst\u00f6\u00dfe \u00fcberpr\u00fcft. Rechtswidrige Inhalte waren zum Zeitpunkt der Verlinkung nicht erkennbar. Eine permanente inhaltliche Kontrolle der verlinkten Seiten ist jedoch ohne konkrete Anhaltspunkte einer Rechtsverletzung nicht zumutbar. Bei Bekanntwerden von Rechtsverletzungen werden wir derartige Links umgehend entfernen.<\/p><p><strong>Urheberrecht<\/strong><\/p><p>Die durch die Seitenbetreiber erstellten Inhalte und Werke auf diesen Seiten unterliegen dem deutschen Urheberrecht. Die Vervielf\u00e4ltigung, Bearbeitung, Verbreitung und jede Art der Verwertung au\u00dferhalb der Grenzen des Urheberrechtes bed\u00fcrfen der schriftlichen Zustimmung des jeweiligen Autors bzw. Erstellers. Downloads und Kopien dieser Seite sind nur f\u00fcr den privaten, nicht kommerziellen Gebrauch gestattet. Soweit die Inhalte auf dieser Seite nicht vom Betreiber erstellt wurden, werden die Urheberrechte Dritter beachtet. Insbesondere werden Inhalte Dritter als solche gekennzeichnet. Sollten Sie trotzdem auf eine Urheberrechtsverletzung aufmerksam werden, bitten wir um einen entsprechenden Hinweis. Bei Bekanntwerden von Rechtsverletzungen werden wir derartige Inhalte umgehend entfernen.<\/p>\t\t\t\t\t\t\t\t<\/div>\n\t\t\t\t<\/div>\n\t\t\t\t<div class=\"elementor-element elementor-element-4e98ce4 elementor-widget elementor-widget-text-editor\" data-id=\"4e98ce4\" data-element_type=\"widget\" data-e-type=\"widget\" data-widget_type=\"text-editor.default\">\n\t\t\t\t<div class=\"elementor-widget-container\">\n\t\t\t\t\t\t\t\t\t<p>Mindestbestellwert \u20ac 50,00<\/p>\t\t\t\t\t\t\t\t<\/div>\n\t\t\t\t<\/div>\n\t\t\t\t\t<\/div>\n\t\t<\/div>\n\t\t\t\t\t<\/div>\n\t\t<\/section>\n\t\t\t\t<\/div>\n\t\t","protected":false},"excerpt":{"rendered":"<p>Zur Startseite Impressum\u00a0 Pizzeria NapoleonM\u00fchltaler Strasse 268700 Leoben Gesch\u00e4ftsf\u00fchrerYusuf Karayel Telefon: +43 3842 430 38E-Mail: office@pizzeria-napoleon.at Unternehmensgegenstand: GastronomieUID: ATU74587814 F\u00fcr den Inhalt verantwortlichYusuf KarayelM\u00fchltaler Strasse 268700 Leoben Gestaltung und RealisierungJH IT-Design OGFischeraustra\u00dfe 228051 Grazwww.jh-design.atoffice@jh-design.at Serverstandort\u00d6sterreichAlle Rechte vorbehalten. Alle Rechte vorbehalten.Der Inhalt dieser Website ist urheberrechtlich gesch\u00fctzt. Nachdruck, Aufnahme in Online-Dienste, Internet und Vervielf\u00e4ltigung auf Datentr\u00e4ger [&hellip;]<\/p>\n","protected":false},"author":1,"featured_media":0,"parent":0,"menu_order":0,"comment_status":"closed","ping_status":"closed","template":"elementor_header_footer","meta":{"footnotes":""},"class_list":["post-10","page","type-page","status-publish","hentry"],"_links":{"self":[{"href":"https:\/\/www.pizzeria-napoleon.at\/bestellsystem\/wp-json\/wp\/v2\/pages\/10","targetHints":{"allow":["GET"]}}],"collection":[{"href":"https:\/\/www.pizzeria-napoleon.at\/bestellsystem\/wp-json\/wp\/v2\/pages"}],"about":[{"href":"https:\/\/www.pizzeria-napoleon.at\/bestellsystem\/wp-json\/wp\/v2\/types\/page"}],"author":[{"embeddable":true,"href":"https:\/\/www.pizzeria-napoleon.at\/bestellsystem\/wp-json\/wp\/v2\/users\/1"}],"replies":[{"embeddable":true,"href":"https:\/\/www.pizzeria-napoleon.at\/bestellsystem\/wp-json\/wp\/v2\/comments?post=10"}],"version-history":[{"count":20,"href":"https:\/\/www.pizzeria-napoleon.at\/bestellsystem\/wp-json\/wp\/v2\/pages\/10\/revisions"}],"predecessor-version":[{"id":843,"href":"https:\/\/www.pizzeria-napoleon.at\/bestellsystem\/wp-json\/wp\/v2\/pages\/10\/revisions\/843"}],"wp:attachment":[{"href":"https:\/\/www.pizzeria-napoleon.at\/bestellsystem\/wp-json\/wp\/v2\/media?parent=10"}],"curies":[{"name":"wp","href":"https:\/\/api.w.org\/{rel}","templated":true}]}}